{"id":160,"date":"2021-07-30T08:42:06","date_gmt":"2021-07-30T06:42:06","guid":{"rendered":"https:\/\/climatechangedamsafety.com\/?page_id=160"},"modified":"2022-09-13T09:28:07","modified_gmt":"2022-09-13T07:28:07","slug":"other-works","status":"publish","type":"page","link":"https:\/\/climatechangedamsafety.com\/index.php\/my-research\/other-works\/","title":{"rendered":"Other works"},"content":{"rendered":"\n<h2 class=\"wp-block-heading\">2022<\/h2>\n\n\n\n<h3 class=\"wp-block-heading\">Benefits of incorporating climate change on dam safety risk analysis. The case of Santa Teresa dam<\/h3>\n\n\n\n<div class=\"wp-block-media-text alignwide is-stacked-on-mobile\" style=\"grid-template-columns:25% auto\"><figure class=\"wp-block-media-text__media\"><img loading=\"lazy\" decoding=\"async\" width=\"656\" height=\"948\" src=\"https:\/\/climatechangedamsafety.com\/wp-content\/uploads\/2022\/09\/Morales-Torres_et_al-1.png\" alt=\"\" class=\"wp-image-663 size-full\" srcset=\"https:\/\/climatechangedamsafety.com\/wp-content\/uploads\/2022\/09\/Morales-Torres_et_al-1.png 656w, https:\/\/climatechangedamsafety.com\/wp-content\/uploads\/2022\/09\/Morales-Torres_et_al-1-208x300.png 208w\" sizes=\"auto, (max-width: 656px) 100vw, 656px\" \/><\/figure><div class=\"wp-block-media-text__content\">\n<p class=\"has-small-font-size\"><strong>Reference:<\/strong> Morales-Torres, A., Fluixa-Sanmartin, J., Escuder-Bueno, I. (2022). Benefits of incorporating climate change on dam safety risk analysis. The case of Santa Teresa dam. <em>ICOLD 27th International Congress on Large Dams<\/em>. Marseille, France. DOI:\u00a010.1201\/9781003211808-143.<\/p>\n\n\n\n<p class=\"has-small-font-size\">Download the paper here.<\/p>\n<\/div><\/div>\n\n\n\n<hr class=\"wp-block-separator has-text-color has-medium-gray-color has-css-opacity has-medium-gray-background-color has-background is-style-wide\"\/>\n\n\n\n<h2 class=\"wp-block-heading\">2020<\/h2>\n\n\n\n<h3 class=\"wp-block-heading\" style=\"font-size:20px\">Glacier Lake 513, Peru: Lessons for early warning service development<\/h3>\n\n\n\n<div class=\"wp-block-media-text alignwide is-stacked-on-mobile\" style=\"grid-template-columns:25% auto\"><figure class=\"wp-block-media-text__media\"><a href=\"http:\/\/climatechangedamsafety.com\/wp-content\/uploads\/2021\/08\/Huggel_et_al_2020.pdf\" target=\"_blank\" rel=\"noopener\"><img loading=\"lazy\" decoding=\"async\" width=\"566\" height=\"774\" src=\"http:\/\/climatechangedamsafety.com\/wp-content\/uploads\/2021\/08\/Glacier-Lake-513.png\" alt=\"\" class=\"wp-image-456 size-full\" srcset=\"https:\/\/climatechangedamsafety.com\/wp-content\/uploads\/2021\/08\/Glacier-Lake-513.png 566w, https:\/\/climatechangedamsafety.com\/wp-content\/uploads\/2021\/08\/Glacier-Lake-513-219x300.png 219w\" sizes=\"auto, (max-width: 566px) 100vw, 566px\" \/><\/a><\/figure><div class=\"wp-block-media-text__content\">\n<p class=\"has-small-font-size\"><strong>Reference:<\/strong> Huggel, C., Cochachin, A., Drenkhan, F., Fluix\u00e1-Sanmart\u00edn, J., Frey, H., Garc\u00eda Hern\u00e1ndez, J., Jurt, C., Mu\u00f1oz, R., Price, K., and Vicu\u00f1a, L. (2020). Glacier Lake 513, Peru: Lessons for early warning service development. <em>WMO Bulletin<\/em>, 69(1), 45\u201352.<\/p>\n\n\n\n<p class=\"has-small-font-size\">Download the paper <a href=\"http:\/\/climatechangedamsafety.com\/wp-content\/uploads\/2021\/08\/Huggel_et_al_2020.pdf\" target=\"_blank\" rel=\"noreferrer noopener\">here<\/a>.<\/p>\n<\/div><\/div>\n\n\n\n<hr class=\"wp-block-separator has-text-color has-medium-gray-color has-css-opacity has-medium-gray-background-color has-background is-style-wide\"\/>\n\n\n\n<h2 class=\"wp-block-heading\">2019<\/h2>\n\n\n\n<div class=\"wp-block-media-text alignwide is-stacked-on-mobile\" style=\"grid-template-columns:25% auto\"><figure class=\"wp-block-media-text__media\"><a href=\"http:\/\/climatechangedamsafety.com\/wp-content\/uploads\/2021\/08\/EmpiricalTool.pdf\" target=\"_blank\" rel=\"noopener\"><img loading=\"lazy\" decoding=\"async\" width=\"588\" height=\"774\" src=\"http:\/\/climatechangedamsafety.com\/wp-content\/uploads\/2021\/08\/EmpiricalTool.png\" alt=\"\" class=\"wp-image-454 size-full\" srcset=\"https:\/\/climatechangedamsafety.com\/wp-content\/uploads\/2021\/08\/EmpiricalTool.png 588w, https:\/\/climatechangedamsafety.com\/wp-content\/uploads\/2021\/08\/EmpiricalTool-228x300.png 228w\" sizes=\"auto, (max-width: 588px) 100vw, 588px\" \/><\/a><\/figure><div class=\"wp-block-media-text__content\">\n<p class=\"has-small-font-size\"><strong>Reference:<\/strong> Fluix\u00e1-Sanmart\u00edn, J., Altarejos-Garc\u00eda, L., Morales-Torres, A., and Escuder-Bueno, I. (2019). Empirical Tool for the Assessment of Annual Overtopping Probabilities of Dams. <em>Journal of Water Resources Planning and Management<\/em>, 145(1), 04018083.<\/p>\n\n\n\n<p class=\"has-small-font-size\">Download the paper <a href=\"https:\/\/ascelibrary.org\/doi\/abs\/10.1061\/%28ASCE%29WR.1943-5452.0001017\" target=\"_blank\" rel=\"noreferrer noopener\">here<\/a>, or check the pre-copyedited version in <a href=\"https:\/\/www.researchgate.net\/publication\/328495714_Empirical_Tool_for_the_Assessment_of_Annual_Overtopping_Probabilities_of_Dams\" target=\"_blank\" rel=\"noreferrer noopener\">ResearchGate<\/a>.<\/p>\n<\/div><\/div>\n\n\n\n<hr class=\"wp-block-separator has-text-color has-css-opacity has-background is-style-default\" style=\"background-color:#d2d2d2;color:#d2d2d2\"\/>\n\n\n\n<div class=\"wp-block-media-text alignwide is-stacked-on-mobile\" style=\"grid-template-columns:25% auto\"><figure class=\"wp-block-media-text__media\"><a href=\"https:\/\/www.sciencedirect.com\/science\/article\/abs\/pii\/S0048969718328146\" target=\"_blank\" rel=\"noopener\"><img loading=\"lazy\" decoding=\"async\" width=\"596\" height=\"774\" src=\"http:\/\/climatechangedamsafety.com\/wp-content\/uploads\/2021\/08\/Using_a_hierarchical.png\" alt=\"\" class=\"wp-image-459 size-full\" srcset=\"https:\/\/climatechangedamsafety.com\/wp-content\/uploads\/2021\/08\/Using_a_hierarchical.png 596w, https:\/\/climatechangedamsafety.com\/wp-content\/uploads\/2021\/08\/Using_a_hierarchical-231x300.png 231w\" sizes=\"auto, (max-width: 596px) 100vw, 596px\" \/><\/a><\/figure><div class=\"wp-block-media-text__content\">\n<p class=\"has-small-font-size\"><strong>Reference:<\/strong>  Zhang, P., Qiao, Y., Schineider, M., Chang, J., Mutzner, R., Fluix\u00e1-Sanmart\u00edn, J., Yang, Z., Fu, R., Chen, X., Cai, L., and Lu, J. (2019). Using a hierarchical model framework to assess climate change and hydropower operation impacts on the habitat of an imperiled fish in the Jinsha River, China. <em>Science of The Total Environment<\/em>, 646, 1624\u20131638.<\/p>\n\n\n\n<p class=\"has-small-font-size\">Download the paper <a href=\"https:\/\/www.sciencedirect.com\/science\/article\/abs\/pii\/S0048969718328146\" target=\"_blank\" rel=\"noreferrer noopener\">here<\/a>.<\/p>\n<\/div><\/div>\n\n\n\n<hr class=\"wp-block-separator has-text-color has-medium-gray-color has-css-opacity has-medium-gray-background-color has-background is-style-wide\"\/>\n\n\n\n<h2 class=\"wp-block-heading\">2018<\/h2>\n\n\n\n<div class=\"wp-block-media-text alignwide is-stacked-on-mobile\" style=\"grid-template-columns:25% auto\"><figure class=\"wp-block-media-text__media\"><a href=\"http:\/\/climatechangedamsafety.com\/wp-content\/uploads\/2021\/08\/Highlights_and_Lessons_from_the_Implementation_of_.pdf\" target=\"_blank\" rel=\"noopener\"><img loading=\"lazy\" decoding=\"async\" width=\"530\" height=\"774\" src=\"http:\/\/climatechangedamsafety.com\/wp-content\/uploads\/2021\/08\/Highlights_and_Lessons_from_the_Implementation.png\" alt=\"\" class=\"wp-image-457 size-full\" srcset=\"https:\/\/climatechangedamsafety.com\/wp-content\/uploads\/2021\/08\/Highlights_and_Lessons_from_the_Implementation.png 530w, https:\/\/climatechangedamsafety.com\/wp-content\/uploads\/2021\/08\/Highlights_and_Lessons_from_the_Implementation-205x300.png 205w\" sizes=\"auto, (max-width: 530px) 100vw, 530px\" \/><\/a><\/figure><div class=\"wp-block-media-text__content\">\n<p class=\"has-small-font-size\"><strong>Reference:<\/strong> Fluix\u00e1-Sanmart\u00edn, J., Garc\u00eda Hern\u00e1ndez, J., Huggel, C., Frey, H., Cochachin Rapre, A., Gonzales Alfaro, C. A., Rom\u00e1n, L. M., and Mas\u00edas Chac\u00f3n, P. A. (2018a). Highlights and Lessons from the Implementation of an Early Warning System for Glacier Lake Outburst Floods in Carhuaz, Peru. <em>Technologies for Development<\/em>, S. Hostettler, S. Najih Besson, and J.-C. Bolay, eds., Springer International Publishing, Cham, 187\u2013200.<\/p>\n\n\n\n<p class=\"has-small-font-size\">Download the paper <a href=\"http:\/\/climatechangedamsafety.com\/wp-content\/uploads\/2021\/08\/Highlights_and_Lessons_from_the_Implementation_of_.pdf\" target=\"_blank\" rel=\"noreferrer noopener\">here<\/a>.<\/p>\n<\/div><\/div>\n\n\n\n<hr class=\"wp-block-separator has-text-color has-css-opacity has-background\" style=\"background-color:#d2d2d2;color:#d2d2d2\"\/>\n\n\n\n<div class=\"wp-block-media-text alignwide is-stacked-on-mobile\" style=\"grid-template-columns:25% auto\"><figure class=\"wp-block-media-text__media\"><a href=\"http:\/\/climatechangedamsafety.com\/wp-content\/uploads\/2021\/08\/Searching_for_the_optimal_drought_index_and_timesc.pdf\" target=\"_blank\" rel=\"noopener\"><img loading=\"lazy\" decoding=\"async\" width=\"602\" height=\"774\" src=\"http:\/\/climatechangedamsafety.com\/wp-content\/uploads\/2021\/08\/Searching_for_the_optimal_drought_index_and_timesc.png\" alt=\"\" class=\"wp-image-458 size-full\" srcset=\"https:\/\/climatechangedamsafety.com\/wp-content\/uploads\/2021\/08\/Searching_for_the_optimal_drought_index_and_timesc.png 602w, https:\/\/climatechangedamsafety.com\/wp-content\/uploads\/2021\/08\/Searching_for_the_optimal_drought_index_and_timesc-233x300.png 233w\" sizes=\"auto, (max-width: 602px) 100vw, 602px\" \/><\/a><\/figure><div class=\"wp-block-media-text__content\">\n<p class=\"has-small-font-size\"><strong>Reference:<\/strong> Fluix\u00e1-Sanmart\u00edn, J., Pan, D., Fischer, L., Orlowsky, B., Garc\u00eda-Hern\u00e1ndez, J., Jordan, F., Haemmig, C., Zhang, F., and Xu, J. (2018b). \u201cSearching for the optimal drought index and timescale combination to detect drought: a case study from the lower Jinsha River basin, China.\u201d <em>Hydrology and Earth System Sciences<\/em>, 22(1), 889\u2013910.<\/p>\n\n\n\n<p class=\"has-small-font-size\">Download the paper <a href=\"http:\/\/climatechangedamsafety.com\/wp-content\/uploads\/2021\/08\/Searching_for_the_optimal_drought_index_and_timesc.pdf\" target=\"_blank\" rel=\"noreferrer noopener\">here<\/a>.<\/p>\n<\/div><\/div>\n\n\n\n<hr class=\"wp-block-separator has-text-color has-medium-gray-color has-css-opacity has-medium-gray-background-color has-background is-style-wide\"\/>\n\n\n\n<h2 class=\"wp-block-heading\">2016<\/h2>\n\n\n\n<div class=\"wp-block-media-text alignwide is-stacked-on-mobile\" style=\"grid-template-columns:25% auto\"><figure class=\"wp-block-media-text__media\"><img loading=\"lazy\" decoding=\"async\" width=\"582\" height=\"774\" src=\"http:\/\/climatechangedamsafety.com\/wp-content\/uploads\/2021\/08\/Projected_precipitation_reduction.png\" alt=\"\" class=\"wp-image-493 size-full\" srcset=\"https:\/\/climatechangedamsafety.com\/wp-content\/uploads\/2021\/08\/Projected_precipitation_reduction.png 582w, https:\/\/climatechangedamsafety.com\/wp-content\/uploads\/2021\/08\/Projected_precipitation_reduction-226x300.png 226w\" sizes=\"auto, (max-width: 582px) 100vw, 582px\" \/><\/figure><div class=\"wp-block-media-text__content\">\n<p class=\"has-small-font-size\"><strong>Reference:<\/strong> Kronenberg, M., Schauwecker, S., Huggel, C., Salzmann, N., Drenkhan, F., Frey, H., Gira\u00e1ldez, C., Gurgiser, W., Kaser, G., Juen, I., Suarez, W., Garc\u00eda Hern\u00e1ndez, J., Fluix\u00e1-Sanmart\u00edn, J., Ayros, E., Perry, B., and Rohrer, M. (2016). \u201cThe Projected Precipitation Reduction over the Central Andes may Severely Affect Peruvian Glaciers and Hydropower Production.\u201d <em>Energy Procedia<\/em>, 97, 270\u2013277.<\/p>\n\n\n\n<p>Download the paper <a href=\"https:\/\/www.sciencedirect.com\/science\/article\/pii\/S1876610216310335\" target=\"_blank\" rel=\"noreferrer noopener\">here<\/a>.<\/p>\n<\/div><\/div>\n\n\n\n<hr class=\"wp-block-separator has-text-color has-medium-gray-color has-css-opacity has-medium-gray-background-color has-background is-style-wide\"\/>\n\n\n\n<h2 class=\"wp-block-heading\">2012<\/h2>\n\n\n\n<div class=\"wp-block-media-text alignwide is-stacked-on-mobile\" style=\"grid-template-columns:25% auto\"><figure class=\"wp-block-media-text__media\"><img loading=\"lazy\" decoding=\"async\" width=\"560\" height=\"774\" src=\"http:\/\/climatechangedamsafety.com\/wp-content\/uploads\/2021\/08\/Flood_routing_studies_in_risk_analysis.png\" alt=\"\" class=\"wp-image-455 size-full\" srcset=\"https:\/\/climatechangedamsafety.com\/wp-content\/uploads\/2021\/08\/Flood_routing_studies_in_risk_analysis.png 560w, https:\/\/climatechangedamsafety.com\/wp-content\/uploads\/2021\/08\/Flood_routing_studies_in_risk_analysis-217x300.png 217w\" sizes=\"auto, (max-width: 560px) 100vw, 560px\" \/><\/figure><div class=\"wp-block-media-text__content\">\n<p class=\"has-small-font-size\"><strong>Reference:<\/strong> Serrano-Lombillo, A., Fluix\u00e1-Sanmart\u00edn, J., Espert-Canet, V. J., and Escuder-Bueno, I. (2012). \u201cFlood routing studies in risk analysis.\u201d <em>Risk analysis, dam safety, dam security and critical infrastructure management: proceedings of the 3rd International Forum on Risk Anlaysis, Dam Safety, Dam Security and Critical Infrastructure Management (3IWRDD-Forum), Valencia, Spain, 17-18 October 2011<\/em>, I. Escuder-Bueno and D. S. International Forum on Risk Analysis Dam Security, and Critical Infrastructure Management, eds., Taylor &amp; Francis Group, London, UK, 99\u2013105.<\/p>\n\n\n\n<p class=\"has-small-font-size\">Download the paper <a href=\"http:\/\/climatechangedamsafety.com\/wp-content\/uploads\/2021\/08\/Flood_routing_studies_in_risk_analysis.pdf\" target=\"_blank\" rel=\"noreferrer noopener\">here<\/a>.<\/p>\n<\/div><\/div>\n\n\n\n<div class=\"wp-block-media-text alignwide is-stacked-on-mobile\" style=\"grid-template-columns:25% auto\"><figure class=\"wp-block-media-text__media\"><img loading=\"lazy\" decoding=\"async\" width=\"558\" height=\"774\" src=\"http:\/\/climatechangedamsafety.com\/wp-content\/uploads\/2021\/08\/Evaluacion_de_la_seguridad_hidrologica_de_presas.png\" alt=\"\" class=\"wp-image-487 size-full\" srcset=\"https:\/\/climatechangedamsafety.com\/wp-content\/uploads\/2021\/08\/Evaluacion_de_la_seguridad_hidrologica_de_presas.png 558w, https:\/\/climatechangedamsafety.com\/wp-content\/uploads\/2021\/08\/Evaluacion_de_la_seguridad_hidrologica_de_presas-216x300.png 216w\" sizes=\"auto, (max-width: 558px) 100vw, 558px\" \/><\/figure><div class=\"wp-block-media-text__content\">\n<p class=\"has-small-font-size\"><strong>Reference:<\/strong> Escuder-Bueno, I., Serrano-Lombillo, A., Fluix\u00e1-Sanmart\u00edn, J., and Morales-Torres, A. (2012). Evaluaci\u00f3n de la seguridad hidrol\u00f3gica de presas mediante modelos de riesgo simplificados. <em>Risk analysis, dam safety, dam security and critical infrastructure management: proceedings of the 3rd International Forum on Risk Anlaysis, Dam Safety, Dam Security and Critical Infrastructure Management (3IWRDD-Forum), Valencia, Spain, 17-18 October 2011<\/em>, I. Escuder-Bueno and D. S. International Forum on Risk Analysis Dam Security, and Critical Infrastructure Management, eds., Taylor &amp; Francis Group, London, UK, 335\u2013342.<\/p>\n\n\n\n<p class=\"has-small-font-size\">Download the paper <a href=\"http:\/\/climatechangedamsafety.com\/wp-content\/uploads\/2021\/08\/Evaluacion_de_la_seguridad_hidrologica_de_presas_m.pdf\" target=\"_blank\" rel=\"noreferrer noopener\">here<\/a>.<\/p>\n<\/div><\/div>\n","protected":false},"excerpt":{"rendered":"<p>2022 Benefits of incorporating climate change on dam safety risk analysis. The case of Santa Teresa dam Reference: Morales-Torres, A., Fluixa-Sanmartin, J., Escuder-Bueno, I. (2022). Benefits of incorporating climate change on dam safety risk analysis. The case of Santa Teresa dam. ICOLD 27th International Congress on Large Dams. Marseille, France. DOI:\u00a010.1201\/9781003211808-143. Download the paper here. [&hellip;]<\/p>\n","protected":false},"author":1,"featured_media":0,"parent":157,"menu_order":3,"comment_status":"closed","ping_status":"closed","template":"","meta":{"om_disable_all_campaigns":false,"_monsterinsights_skip_tracking":false,"_monsterinsights_sitenote_active":false,"_monsterinsights_sitenote_note":"","_monsterinsights_sitenote_category":0,"footnotes":""},"class_list":["post-160","page","type-page","status-publish","hentry","post-preview"],"aioseo_notices":[],"_links":{"self":[{"href":"https:\/\/climatechangedamsafety.com\/index.php\/wp-json\/wp\/v2\/pages\/160","targetHints":{"allow":["GET"]}}],"collection":[{"href":"https:\/\/climatechangedamsafety.com\/index.php\/wp-json\/wp\/v2\/pages"}],"about":[{"href":"https:\/\/climatechangedamsafety.com\/index.php\/wp-json\/wp\/v2\/types\/page"}],"author":[{"embeddable":true,"href":"https:\/\/climatechangedamsafety.com\/index.php\/wp-json\/wp\/v2\/users\/1"}],"replies":[{"embeddable":true,"href":"https:\/\/climatechangedamsafety.com\/index.php\/wp-json\/wp\/v2\/comments?post=160"}],"version-history":[{"count":19,"href":"https:\/\/climatechangedamsafety.com\/index.php\/wp-json\/wp\/v2\/pages\/160\/revisions"}],"predecessor-version":[{"id":664,"href":"https:\/\/climatechangedamsafety.com\/index.php\/wp-json\/wp\/v2\/pages\/160\/revisions\/664"}],"up":[{"embeddable":true,"href":"https:\/\/climatechangedamsafety.com\/index.php\/wp-json\/wp\/v2\/pages\/157"}],"wp:attachment":[{"href":"https:\/\/climatechangedamsafety.com\/index.php\/wp-json\/wp\/v2\/media?parent=160"}],"curies":[{"name":"wp","href":"https:\/\/api.w.org\/{rel}","templated":true}]}}